{"id":208,"date":"2024-06-10T08:18:19","date_gmt":"2024-06-10T08:18:19","guid":{"rendered":"https:\/\/raw.githubusercontent.com\/drfuri\/demo-content\/main\/ecomus\/fashion\/images\/?page_id=208"},"modified":"2026-01-04T21:18:51","modified_gmt":"2026-01-04T20:18:51","slug":"somos","status":"publish","type":"page","link":"https:\/\/graficassjt.com\/index.php\/somos\/","title":{"rendered":"Somos"},"content":{"rendered":"\t\t<div data-elementor-type=\"wp-page\" data-elementor-id=\"208\" class=\"elementor elementor-208\" data-elementor-post-type=\"page\">\n\t\t\t\t<div class=\"elementor-element elementor-element-98f64b7 e-con-full e-flex ecomus-responsive-column ecomus-tablet-column--default ecomus-responsive-column ecomus-mobile-column--default e-con e-parent\" data-id=\"98f64b7\" data-element_type=\"container\">\n\t\t\t\t<div class=\"elementor-element elementor-element-67d45c2 elementor-widget elementor-widget-video\" data-id=\"67d45c2\" data-element_type=\"widget\" data-settings=\"{&quot;video_type&quot;:&quot;hosted&quot;,&quot;autoplay&quot;:&quot;yes&quot;,&quot;mute&quot;:&quot;yes&quot;,&quot;loop&quot;:&quot;yes&quot;}\" data-widget_type=\"video.default\">\n\t\t\t\t\t\t\t<div class=\"e-hosted-video elementor-wrapper elementor-open-inline\">\n\t\t\t\t\t<video class=\"elementor-video\" src=\"https:\/\/graficassjt.com\/wp-content\/uploads\/2025\/12\/lv_0_20251220194927.mp4\" autoplay=\"\" loop=\"\" muted=\"muted\" controlsList=\"nodownload\"><\/video>\n\t\t\t\t<\/div>\n\t\t\t\t\t\t<\/div>\n\t\t\t\t<\/div>\n\t\t<div class=\"elementor-element elementor-element-3cae0f82 e-flex e-con-boxed ecomus-responsive-column ecomus-tablet-column--default ecomus-responsive-column ecomus-mobile-column--default e-con e-parent\" data-id=\"3cae0f82\" data-element_type=\"container\" data-settings=\"{&quot;background_background&quot;:&quot;classic&quot;}\">\n\t\t\t\t\t<div class=\"e-con-inner\">\n\t\t\t\t<div class=\"elementor-element elementor-element-7cc5eec9 elementor-widget elementor-widget-ecomus-heading\" data-id=\"7cc5eec9\" data-element_type=\"widget\" data-widget_type=\"ecomus-heading.default\">\n\t\t\t\t<div class=\"elementor-widget-container\">\n\t\t\t\t\t\t\t<div class=\"ecomus-heading-elementor\">\n\t\t\t\t<h4 class=\"ecomus-heading em-flex em-flex-align-center ecomus-heading--default\">\n\t\t\t\t\t\t\t\t\t\tNuestra Misi\u00f3n\t\t\t\t<\/h4>\n\t\t\t<\/div>\n\t\t\t\t\t\t<\/div>\n\t\t\t\t<\/div>\n\t\t\t\t<div class=\"elementor-element elementor-element-3e0f360a elementor-widget__width-initial elementor-widget elementor-widget-text-editor\" data-id=\"3e0f360a\" data-element_type=\"widget\" data-widget_type=\"text-editor.default\">\n\t\t\t\t\t\t\t\t\t<p>Brindar la mayor calidad en acabados finales a trav\u00e9s de la producci\u00f3n de empaques y etiquetas innovadoras para as\u00ed conectar con nuestros clientes y consumidores de manera efectiva, posicion\u00e1ndonos en el mercado.<\/p>\t\t\t\t\t\t\t\t<\/div>\n\t\t\t\t<div class=\"elementor-element elementor-element-2717fc4 elementor-widget elementor-widget-ecomus-heading\" data-id=\"2717fc4\" data-element_type=\"widget\" data-widget_type=\"ecomus-heading.default\">\n\t\t\t\t<div class=\"elementor-widget-container\">\n\t\t\t\t\t\t\t<div class=\"ecomus-heading-elementor\">\n\t\t\t\t<h4 class=\"ecomus-heading em-flex em-flex-align-center ecomus-heading--default\">\n\t\t\t\t\t\t\t\t\t\tNuestra Visi\u00f3n\t\t\t\t<\/h4>\n\t\t\t<\/div>\n\t\t\t\t\t\t<\/div>\n\t\t\t\t<\/div>\n\t\t\t\t<div class=\"elementor-element elementor-element-4b3cd7a elementor-widget__width-initial elementor-widget elementor-widget-text-editor\" data-id=\"4b3cd7a\" data-element_type=\"widget\" data-widget_type=\"text-editor.default\">\n\t\t\t\t\t\t\t\t\t<p>Ser la empresa de Artes Gr\u00e1ficas con mayor posicionamiento e innovaci\u00f3n en nuestro rubro.<\/p>\t\t\t\t\t\t\t\t<\/div>\n\t\t\t\t\t<\/div>\n\t\t\t\t<\/div>\n\t\t<div class=\"elementor-element elementor-element-4e99606e e-flex e-con-boxed ecomus-responsive-column ecomus-tablet-column--default ecomus-responsive-column ecomus-mobile-column--default e-con e-parent\" data-id=\"4e99606e\" data-element_type=\"container\">\n\t\t\t\t\t<div class=\"e-con-inner\">\n\t\t\t\t<div class=\"elementor-element elementor-element-53e63a3 elementor-widget-divider--view-line elementor-widget elementor-widget-divider\" data-id=\"53e63a3\" data-element_type=\"widget\" data-widget_type=\"divider.default\">\n\t\t\t\t\t\t\t<div class=\"elementor-divider\">\n\t\t\t<span class=\"elementor-divider-separator\">\n\t\t\t\t\t\t<\/span>\n\t\t<\/div>\n\t\t\t\t\t\t<\/div>\n\t\t\t\t\t<\/div>\n\t\t\t\t<\/div>\n\t\t<div class=\"elementor-element elementor-element-7f2521e7 e-flex e-con-boxed ecomus-responsive-column ecomus-tablet-column--default ecomus-responsive-column ecomus-mobile-column--default e-con e-parent\" data-id=\"7f2521e7\" data-element_type=\"container\">\n\t\t\t\t\t<div class=\"e-con-inner\">\n\t\t<div class=\"elementor-element elementor-element-85478d2 e-con-full e-flex ecomus-responsive-column ecomus-tablet-column--default ecomus-responsive-column ecomus-mobile-column--default e-con e-child\" data-id=\"85478d2\" data-element_type=\"container\">\n\t\t\t\t<div class=\"elementor-element elementor-element-5f2ce297 elementor-widget elementor-widget-image\" data-id=\"5f2ce297\" data-element_type=\"widget\" data-widget_type=\"image.default\">\n\t\t\t\t\t\t\t\t\t\t\t\t\t\t\t<img fetchpriority=\"high\" decoding=\"async\" width=\"1365\" height=\"768\" src=\"https:\/\/graficassjt.com\/wp-content\/uploads\/2025\/12\/Image_fx7.jpg\" class=\"attachment-full size-full wp-image-6605\" alt=\"\" srcset=\"https:\/\/graficassjt.com\/wp-content\/uploads\/2025\/12\/Image_fx7.jpg 1365w, https:\/\/graficassjt.com\/wp-content\/uploads\/2025\/12\/Image_fx7-300x169.jpg 300w, https:\/\/graficassjt.com\/wp-content\/uploads\/2025\/12\/Image_fx7-1024x576.jpg 1024w, https:\/\/graficassjt.com\/wp-content\/uploads\/2025\/12\/Image_fx7-768x432.jpg 768w, https:\/\/graficassjt.com\/wp-content\/uploads\/2025\/12\/Image_fx7-600x338.jpg 600w, https:\/\/graficassjt.com\/wp-content\/uploads\/2025\/12\/Image_fx7-130x73.jpg 130w\" sizes=\"(max-width: 1365px) 100vw, 1365px\" \/>\t\t\t\t\t\t\t\t\t\t\t\t\t\t\t<\/div>\n\t\t\t\t<\/div>\n\t\t<div class=\"elementor-element elementor-element-7856338f e-con-full e-flex ecomus-responsive-column ecomus-tablet-column--default ecomus-responsive-column ecomus-mobile-column--default e-con e-child\" data-id=\"7856338f\" data-element_type=\"container\">\n\t\t<div class=\"elementor-element elementor-element-5ca1bd3b e-flex e-con-boxed ecomus-responsive-column ecomus-tablet-column--default ecomus-responsive-column ecomus-mobile-column--default e-con e-child\" data-id=\"5ca1bd3b\" data-element_type=\"container\">\n\t\t\t\t\t<div class=\"e-con-inner\">\n\t\t\t\t<div class=\"elementor-element elementor-element-12cc2d10 elementor-widget elementor-widget-ecomus-heading\" data-id=\"12cc2d10\" data-element_type=\"widget\" data-widget_type=\"ecomus-heading.default\">\n\t\t\t\t<div class=\"elementor-widget-container\">\n\t\t\t\t\t\t\t<div class=\"ecomus-heading-elementor\">\n\t\t\t\t<h4 class=\"ecomus-heading em-flex em-flex-align-center ecomus-heading--default\">\n\t\t\t\t\t\t\t\t\t\tValores Fundamentales\n\t\t\t\t<\/h4>\n\t\t\t<\/div>\n\t\t\t\t\t\t<\/div>\n\t\t\t\t<\/div>\n\t\t\t\t<div class=\"elementor-element elementor-element-5629a737 elementor-widget elementor-widget-text-editor\" data-id=\"5629a737\" data-element_type=\"widget\" data-widget_type=\"text-editor.default\">\n\t\t\t\t\t\t\t\t\t<p style=\"text-align: left;\">En Gr\u00e1ficas San Judas Tadeo C.A., nuestros valores fundamentales gu\u00edan cada paso en la elaboraci\u00f3n de estuches, etiquetas, pads y bandejas. Nuestro <b>Compromiso<\/b> con el cliente y la calidad nos impulsa a superar las expectativas en cada proyecto. Buscamos la <b>Eficiencia<\/b> constante en nuestros procesos de producci\u00f3n, garantizando entregas puntuales sin sacrificar la excelencia del producto final. Aspiramos a la <b>Excelencia<\/b> en el dise\u00f1o, la impresi\u00f3n y el acabado, asegurando que cada art\u00edculo refleje la m\u00e1xima profesionalidad. Actuamos con <b>Integridad<\/b> en todas nuestras interacciones, fomentando la confianza y la transparencia. Finalmente, asumimos nuestra <b>Responsabilidad Social<\/b>, aplicando pr\u00e1cticas sostenibles en la producci\u00f3n y contribuyendo positivamente a nuestra comunidad.<\/p>\t\t\t\t\t\t\t\t<\/div>\n\t\t\t\t\t<\/div>\n\t\t\t\t<\/div>\n\t\t\t\t<\/div>\n\t\t\t\t\t<\/div>\n\t\t\t\t<\/div>\n\t\t<div class=\"elementor-element elementor-element-48d6820e e-flex e-con-boxed ecomus-responsive-column ecomus-tablet-column--default ecomus-responsive-column ecomus-mobile-column--default e-con e-parent\" data-id=\"48d6820e\" data-element_type=\"container\">\n\t\t\t\t\t<div class=\"e-con-inner\">\n\t\t\t\t<div class=\"elementor-element elementor-element-704d3fd2 elementor-widget-divider--view-line elementor-widget elementor-widget-divider\" data-id=\"704d3fd2\" data-element_type=\"widget\" data-widget_type=\"divider.default\">\n\t\t\t\t\t\t\t<div class=\"elementor-divider\">\n\t\t\t<span class=\"elementor-divider-separator\">\n\t\t\t\t\t\t<\/span>\n\t\t<\/div>\n\t\t\t\t\t\t<\/div>\n\t\t\t\t\t<\/div>\n\t\t\t\t<\/div>\n\t\t\t\t<\/div>\n\t\t","protected":false},"excerpt":{"rendered":"<p>https:\/\/graficassjt.com\/wp-content\/uploads\/2025\/12\/lv_0_20251220194927.mp4 Nuestra Misi\u00f3n Brindar la mayor calidad en acabados finales a trav\u00e9s de la producci\u00f3n de empaques y etiquetas innovadoras para as\u00ed conectar con nuestros clientes y consumidores de manera efectiva, posicion\u00e1ndonos en el mercado. Nuestra Visi\u00f3n Ser la empresa de Artes Gr\u00e1ficas con mayor posicionamiento e innovaci\u00f3n en nuestro rubro. Valores Fundamentales En Gr\u00e1ficas [&hellip;]<\/p>\n","protected":false},"author":1,"featured_media":0,"parent":0,"menu_order":0,"comment_status":"closed","ping_status":"closed","template":"","meta":{"footnotes":""},"class_list":["post-208","page","type-page","status-publish","hentry"],"_links":{"self":[{"href":"https:\/\/graficassjt.com\/index.php\/wp-json\/wp\/v2\/pages\/208","targetHints":{"allow":["GET"]}}],"collection":[{"href":"https:\/\/graficassjt.com\/index.php\/wp-json\/wp\/v2\/pages"}],"about":[{"href":"https:\/\/graficassjt.com\/index.php\/wp-json\/wp\/v2\/types\/page"}],"author":[{"embeddable":true,"href":"https:\/\/graficassjt.com\/index.php\/wp-json\/wp\/v2\/users\/1"}],"replies":[{"embeddable":true,"href":"https:\/\/graficassjt.com\/index.php\/wp-json\/wp\/v2\/comments?post=208"}],"version-history":[{"count":31,"href":"https:\/\/graficassjt.com\/index.php\/wp-json\/wp\/v2\/pages\/208\/revisions"}],"predecessor-version":[{"id":7043,"href":"https:\/\/graficassjt.com\/index.php\/wp-json\/wp\/v2\/pages\/208\/revisions\/7043"}],"wp:attachment":[{"href":"https:\/\/graficassjt.com\/index.php\/wp-json\/wp\/v2\/media?parent=208"}],"curies":[{"name":"wp","href":"https:\/\/api.w.org\/{rel}","templated":true}]}}